{"id":403,"date":"2026-01-04T22:52:27","date_gmt":"2026-01-04T22:52:27","guid":{"rendered":"https:\/\/bloominghomes.es\/?page_id=403"},"modified":"2026-03-24T20:16:50","modified_gmt":"2026-03-24T19:16:50","slug":"cookies-policy","status":"publish","type":"page","link":"https:\/\/bloominghomes.es\/en\/cookies-policy\/","title":{"rendered":"Cookies Policy"},"content":{"rendered":"<div data-elementor-type=\"wp-page\" data-elementor-id=\"403\" class=\"elementor elementor-403\" data-elementor-post-type=\"page\">\n\t\t\t\t<div class=\"elementor-element elementor-element-fa42325 e-flex e-con-boxed e-con e-parent\" data-id=\"fa42325\" data-element_type=\"container\" data-e-type=\"container\">\n\t\t\t\t\t<div class=\"e-con-inner\">\n\t\t\t\t<div class=\"elementor-element elementor-element-096035a elementor-widget elementor-widget-heading\" data-id=\"096035a\" data-element_type=\"widget\" data-e-type=\"widget\" data-widget_type=\"heading.default\">\n\t\t\t\t\t<h2 class=\"elementor-heading-title elementor-size-default\">Cookies Policy<\/h2>\t\t\t\t<\/div>\n\t\t\t\t\t<\/div>\n\t\t\t\t<\/div>\n\t\t<div class=\"elementor-element elementor-element-dc96bfe e-flex e-con-boxed e-con e-parent\" data-id=\"dc96bfe\" data-element_type=\"container\" data-e-type=\"container\">\n\t\t\t\t\t<div class=\"e-con-inner\">\n\t\t\t\t<div class=\"elementor-element elementor-element-9c1adf7 elementor-widget elementor-widget-text-editor\" data-id=\"9c1adf7\" data-element_type=\"widget\" data-e-type=\"widget\" data-widget_type=\"text-editor.default\">\n\t\t\t\t\t\t\t\t\t<p><strong>This Cookie Policy is an integral part of the Legal Notice and Privacy Policy of www.bloominghomes.es (hereinafter, the \u201cWebsite\u201d).<\/strong><\/p><p>\u00a0<\/p><p>Con el fin de facilitar su navegaci\u00f3n por el Sitio Web,\u00a0Bloom Capital, SL., sociedad constituida con arreglo a la normativa espa\u00f1ola, con domicilio en calle Mallorca, 260, \u00c1tico, 08008 &#8211; Barcelona (en adelante,\u00a0<strong>\u201c<em>Blooming Homes<\/em>\u201d<\/strong>), informs the user that it uses cookies or other files of similar functionality (hereinafter, the \u201cCookies\u201d).<\/p><p>In any case, we inform you that Blooming Homes is responsible for the Cookies and the processing of data obtained through its own and third party Cookies, deciding on the purpose, content and use of the processing of the information collected.<\/p><p>\u00a0<\/p><p><strong>What is a Cookie?<\/strong><\/p><p>Cookies are files containing small amounts of information that are downloaded to the browser when the user visits a web page. Their main purpose is to recognize the user each time he\/she accesses the Website allowing, in addition, to improve the quality and offer a better use of the Website. Cookies are essential for the functioning of the Internet; they cannot damage the user's equipment\/device and, if enabled in your browser settings, they help to identify and resolve possible errors in the functioning of the Website.<\/p><p>\u00a0<\/p><p><strong>What types of Cookies are there?<\/strong><\/p><p>Depending on the owner of the Cookies, they can be classified as.<\/p><p><u>a) First-party cookies<\/u>:<\/p><p>They are those that are sent to the user's computer or device from a computer or domain managed by the publisher itself, and from which the platform or service requested by the user is offered.<\/p><p>b)\u00a0<u>Cookies de tercero<\/u>:<\/p><p>Cookies are those that are sent to the user's computer or device from a computer or domain that is not managed by the editor, but by another entity that processes the data obtained through the cookies.<\/p><p>\u00a0<\/p><p>Depending on the purpose of the Cookies, they can be classified into:<\/p><p>a) <u>Technical cookies:<\/u><\/p><p>Son aquellas esenciales que permiten al usuario la navegaci\u00f3n a trav\u00e9s de una p\u00e1gina web, plataforma o aplicaci\u00f3n y la utilizaci\u00f3n de las diferentes opciones o servicios que en ellas existan como, por ejemplo, controlar el tr\u00e1fico, identificar datos o la sesi\u00f3n, acceder a secciones o contenidos de acceso restringido, recordar los elementos que integran un pedido, realizar el proceso de compra de un pedido, gestionar el pago, controlar el fraude vinculador a la seguridad del servicio, utilizar elementos de seguridad durante la navegaci\u00f3n, realizar la solicitud de inscripci\u00f3n o participaci\u00f3n en un evento, almacenar contenidos para la difusi\u00f3n de videos o sonido, habilitar contenidos din\u00e1micos (por ejemplo, animaci\u00f3n de carga de un texto o imagen) o compartir contenidos a trav\u00e9s de redes sociales. Las cookies t\u00e9cnicas, al ser estrictamente necesarias, se descargan por defecto cuando permitan mostrar la plataforma o prestar el servicio solicitado por el usuario. Son esenciales y necesarias para el funcionamiento del Sitio Web.<\/p><p>b) <u>Functionality or personalization cookies:<\/u><\/p><p>Estas cookies son aquellas que permiten recordar informaci\u00f3n para que el usuario acceda al servicio o plataforma con determinadas caracter\u00edsticas que pueden diferenciar su experiencia de la de otros usuarios, como, por ejemplo, el idioma, el n\u00famero de resultados a mostrar cuando el usuario realiza una b\u00fasqueda, el aspecto o contenido del servicio en funci\u00f3n del tipo de navegador usado por el usuario o de la regi\u00f3n desde la que accede al servicio, etc. Estas cookies se utilizan para mejorar el rendimiento y la funcionalidad del Sitio Web, pero no son esenciales para su uso. Sin embargo, sin estas cookies, algunas funciones (como los v\u00eddeos) podr\u00edan no estar disponibles. No aceptar estas cookies puede generar un rendimiento lento de la p\u00e1gina web o recomendaciones mal adaptadas.<\/p><p>c)\u00a0<u>Analytical Cookies:<\/u><\/p><p>They are those that allow quantifying the number of users, the sections visited on the platform and how they interact with it, in order to perform the measurement and statistical analysis of the use made by users, in order to introduce improvements based on the analysis of the usage data made by users of the platform or service.<\/p><p>d)\u00a0<u>Advertising Cookies:<\/u><\/p><p>They are those that store information on user behavior obtained through the continuous observation of their browsing habits, allowing the development of a specific profile to display advertising based on the same. These cookies allow the management, in the most effective way possible, of advertising spaces that, where appropriate, the editor has included directly or in collaboration with third parties.<\/p><p>\u00a0<\/p><p><strong>What Cookies are used on the Website?<\/strong><\/p><p>\u00a0<\/p><p>The following cookies are used on the Blooming Homes Web Site:<\/p><p>a) <u>CloudFare<\/u>.<\/p><p>Nombre: _cf_bm.<\/p><p>Type of cookie: Technical.<\/p><p>Descripci\u00f3n: Cloudflare coloca esta cookie en los dispositivos de los usuarios finales que acceden a p\u00e1ginas web protegidas por Bot Management o Bot Fight Mode.<\/p><p>b) <u>CloudFare<\/u>.<\/p><p>Nombre: _cf_bm.<\/p><p>Type of cookie: Technical.<\/p><p>Description: Cloudflare sets this cookie to improve the security and performance of the Website. It helps identify trusted web traffic and ensures a safe browsing experience for users.<\/p><p>c) <u>CookieYes<\/u>.<\/p><p>Nombre: cookieyes-consent.<\/p><p>Type of cookie: Technical.<\/p><p>Descripci\u00f3n: Guarda el estado de consentimiento del usuario (qu\u00e9 categor\u00edas fueron aceptadas o rechazadas) para las cookies en un sitio web.<\/p><p>d) <span style=\"text-decoration: underline;\">Voices.<\/span><\/p><p>Nombre: wpEmojiSettingsSupports.<\/p><p>Tipo de cookie: Funcionalidad.<\/p><p>Descripci\u00f3n: Se utiliza para habilitar la compatibilidad con emojis en p\u00e1ginas que utilizan WordPress.<\/p><p>e) <u>Elementor<\/u>.<\/p><p>Nombre: elementor.<\/p><p>Tipo de cookie: Funcionalidad.<\/p><p>Descripci\u00f3n: Dise\u00f1ada para mejorar el rendimiento del Sitio Web y rastrear los h\u00e1bitos del usuario para activar correctamente la funcionalidad de las ventanas emergentes.<\/p><p>f) <u>Elementor<\/u>.<\/p><p>Nombre: ea11y-global-state.<\/p><p>Tipo de cookie: Funcionalidad.<\/p><p>Descripci\u00f3n: Gestiona las funciones de accesibilidad y la configuraci\u00f3n de la interfaz de usuario en los sitios web creados con Elementor.<\/p><p>g) <u>Google Analytics<\/u>.<\/p><p>Nombre: _ga.<\/p><p>Tipo de cookie: Anal\u00edtica.<\/p><p>Descripci\u00f3n: Registra una ID particular para obtener datos sobre el uso del sitio web por parte del usuario.<\/p><p>h) <u>Google Analytics<\/u>.<\/p><p>Nombre: _ga_ #.<\/p><p>Tipo de cookie: Anal\u00edtica.<\/p><p>Descripci\u00f3n: Se utiliza para distinguir a los usuarios individuales mediante la asignaci\u00f3n de un n\u00famero generado aleatoriamente como identificador de cliente, lo que permite calcular las visitas y las sesiones.<\/p><p>i) <u>Adobe Analytics<\/u>.<\/p><p>Nombre: s7.<\/p><p>Tipo de cookie: Anal\u00edtica.<\/p><p>Descripci\u00f3n: Recopila datos sobre el uso y el comportamiento de los usuarios en el Sitio Web.<\/p><p>\u00a0<\/p><p>El usuario tiene el control, en todo momento, sobre el tratamiento de sus datos y la utilizaci\u00f3n de Cookies, mediante su aceptaci\u00f3n o rechazo, pudiendo acceder en cualquier momento al configurador que se facilita a trav\u00e9s del Sitio Web.<\/p><p>\u00a0<\/p><p><strong>Types of Cookies in relation to the period of conservation.<\/strong><\/p><p>Depending on the types of Cookies, different retention periods are defined, depending on the validity of the consents for their use or their functionalities in the case of the necessary ones. Thus, the Cookies used may be considered persistent (the data continues to be stored and can be accessed and processed for a period defined by the Cookie manager) and session Cookies (designed to collect and store data while the user accesses the Website, for example, for the provision of a specific service).<\/p><p>By means of this Policy and the preferences configurator enabled on the Website, this information is provided to the user.<\/p><p>\u00a0<\/p><p><strong>Control and deletion of Cookies.<\/strong><\/p><p>In order to use analytical and advertising Cookies, it is necessary that the user consents to their installation and use. Therefore, from the access to the Web Site and through the configurator that is made available to the user, the user can accept or reject them.<\/p><p>In the event that the user has accepted the use of one or more types of Cookies, he\/she may at any time change his\/her configuration, rejecting or disabling their use. The user must take into account that, in case of refusal, the user will not be able to maintain certain preferences on the Web Site.<\/p><p>Additionally, users can block and delete Cookies by changing their browser settings. To manage Cookies, most browsers allow you to reject or accept all Cookies or only accept certain types of Cookies. The process for managing and deleting Cookies can be found in the browser's built-in help function.<\/p><p>Similarly, the user can allow, block or delete Cookies installed on your computer by configuring the browser options installed on your computer:<\/p><ul><li>Google Chrome:\u00a0<a href=\"https:\/\/support.google.com\/accounts\/answer\/61416?hl=es\">https:\/\/support.google.com\/accounts\/answer\/61416?hl=es<\/a><\/li><li>Internet Explorer:\u00a0<a href=\"https:\/\/support.microsoft.com\/es-es\/help\/17442\/windows-internet-explorer-dele\">https:\/\/support.microsoft.com\/es-es\/help\/17442\/windows-internet-explorer-dele<\/a><\/li><li>Microsoft Edge:<u>\u00a0<\/u><a href=\"https:\/\/support.microsoft.com\/es-es\/microsoft-edge\/eliminar-las-cookies-en-microsoft-edge-63947406-40ac-c3b8-57b9-2a946a29ae09#:~:text=Abre%20Microsoft%20Edge%20y%20selecciona%20Configuraci%C3%B3n%20y%20m%C3%A1s%20%3E%20Configuraci%C3%B3n%20%3E%20Cookies,del%20sitio%20que%20quieras%20quitar\">https:\/\/support.microsoft.com\/es-es\/microsoft-edge\/eliminar-las-cookies-en-microsoft-edge-63947406-40ac-c3b8-57b9-2a946a29ae09#:~:text=Abre%20Microsoft%20Edge%20y%20selecciona%20Configuraci%C3%B3n%20y%20m%C3%A1s%20%3E%20Configuraci%C3%B3n%20%3E%20Cookies,del%20sitio%20que%20quieras%20quitar<\/a><\/li><li>Mozilla Firefox:\u00a0<a href=\"https:\/\/support.mozilla.org\/es\/kb\/habilitar-y-deshabilitar-cookies-sitios-web-rastrear-preferencias?redirectlocale=es&amp;redirectslug=habilitar-y-deshabilitar-cookies-que-los-sitios-we\">https:\/\/support.mozilla.org\/es\/kb\/habilitar-y-deshabilitar-cookies-sitios-web...<\/a><\/li><li>Opera:\u00a0<a href=\"https:\/\/help.opera.com\/Windows\/11.50\/es-ES\/cookies.html\">https:\/\/help.opera.com\/Windows\/11.50\/es-ES\/cookies.html<\/a><\/li><li>Safari:\u00a0<a href=\"https:\/\/support.apple.com\/es-es\/guide\/safari\/sfri11471\/mac\">https:\/\/support.apple.com\/es-es\/guide\/safari\/sfri11471\/mac<\/a><\/li><\/ul><p>As with computer browsers, mobile device browsers allow changes to be made to privacy options or settings to disable or delete cookies.<\/p><p>If you wish to modify your privacy settings, please follow the instructions specified by the developer of your mobile browser.<\/p><p>Below, you can find some examples of the links that will guide you to modify the privacy settings on your mobile device:<\/p><ul><li>Chrome for Android:\u00a0<a href=\"https:\/\/support.google.com\/accounts\/answer\/32050?co=GENIE.Platform%3DAndroid&amp;hl=es&amp;oco=0\">https:\/\/support.google.com\/accounts\/answer\/32050?co=GENIE.Platform%3DAndroid&amp;hl=es&amp;oco=0<\/a><\/li><li>Safari for iOS:\u00a0<a href=\"https:\/\/support.apple.com\/es-es\/HT201265\">https:\/\/support.apple.com\/es-es\/HT201265<\/a><\/li><\/ul><p>\u00a0<\/p><p><strong>Treatments by third parties and international transfers.<\/strong><\/p><p>El usuario puede informarse sobre los tratamientos llevados a cabo por terceros, y sobre las posibles transferencias a otros pa\u00edses que, en su caso, realizan los terceros identificados en esta Pol\u00edtica de Cookies en sus correspondientes pol\u00edticas facilitadas por los mismos. Los diferentes mecanismos de regularizaci\u00f3n de transferencias internacionales, en el caso de existir, ser\u00e1n informados por dichos terceros.<\/p><p>\u00a0<\/p><p>At Blooming Homes we are aware of your privacy and regulatory compliance, so if you have any questions or comments, please do not hesitate to contact us at the following email address <a href=\"mailto:hola@bloominghomes.es\">hola@bloominghomes.es<\/a>.<\/p><p><strong>\u00a0<\/strong><\/p><p><strong>\u00daltima actualizaci\u00f3n: Marzo 2026.<\/strong><\/p><p>\u00a9 Bloom Capital. All rights reserved.<\/p><p>\u00a0<\/p>\t\t\t\t\t\t\t\t<\/div>\n\t\t\t\t\t<\/div>\n\t\t\t\t<\/div>\n\t\t\t\t<\/div>","protected":false},"excerpt":{"rendered":"<p>Pol\u00edtica de Cookies Esta Pol\u00edtica de Cookies es parte integrante del Aviso Legal y la Pol\u00edtica de Privacidad de www.bloominghomes.es (en adelante, el \u201cSitio Web\u201d). \u00a0 Con el fin de facilitar su navegaci\u00f3n por el Sitio Web,\u00a0Bloom Capital, SL., sociedad constituida con arreglo a la normativa espa\u00f1ola, con domicilio en calle Mallorca, 260, \u00c1tico, 08008 [&hellip;]<\/p>","protected":false},"author":1,"featured_media":0,"parent":0,"menu_order":0,"comment_status":"closed","ping_status":"closed","template":"","meta":{"_angie_page":false,"footnotes":""},"class_list":["post-403","page","type-page","status-publish","hentry"],"yoast_head":"<!-- This site is optimized with the Yoast SEO plugin v27.2 - https:\/\/yoast.com\/product\/yoast-seo-wordpress\/ -->\n<title>Pol\u00edtica de Cookies - Elementor Hosted Website<\/title>\n<meta name=\"robots\" content=\"index, follow, max-snippet:-1, max-image-preview:large, max-video-preview:-1\" \/>\n<link rel=\"canonical\" href=\"https:\/\/bloominghomes.es\/en\/cookies-policy\/\" \/>\n<meta property=\"og:locale\" content=\"en_US\" \/>\n<meta property=\"og:type\" content=\"article\" \/>\n<meta property=\"og:title\" content=\"Pol\u00edtica de Cookies - Elementor Hosted Website\" \/>\n<meta property=\"og:description\" content=\"Pol\u00edtica de Cookies Esta Pol\u00edtica de Cookies es parte integrante del Aviso Legal y la Pol\u00edtica de Privacidad de www.bloominghomes.es (en adelante, el \u201cSitio Web\u201d). \u00a0 Con el fin de facilitar su navegaci\u00f3n por el Sitio Web,\u00a0Bloom Capital, SL., sociedad constituida con arreglo a la normativa espa\u00f1ola, con domicilio en calle Mallorca, 260, \u00c1tico, 08008 [&hellip;]\" \/>\n<meta property=\"og:url\" content=\"https:\/\/bloominghomes.es\/en\/cookies-policy\/\" \/>\n<meta property=\"og:site_name\" content=\"Elementor Hosted Website\" \/>\n<meta property=\"article:modified_time\" content=\"2026-03-24T19:16:50+00:00\" \/>\n<meta name=\"twitter:card\" content=\"summary_large_image\" \/>\n<meta name=\"twitter:label1\" content=\"Est. reading time\" \/>\n\t<meta name=\"twitter:data1\" content=\"7 minutes\" \/>\n<script type=\"application\/ld+json\" class=\"yoast-schema-graph\">{\"@context\":\"https:\/\/schema.org\",\"@graph\":[{\"@type\":\"WebPage\",\"@id\":\"https:\/\/bloominghomes.es\/politica-de-cookies\/\",\"url\":\"https:\/\/bloominghomes.es\/politica-de-cookies\/\",\"name\":\"Pol\u00edtica de Cookies - Elementor Hosted Website\",\"isPartOf\":{\"@id\":\"https:\/\/bloominghomes.es\/#website\"},\"datePublished\":\"2026-01-04T22:52:27+00:00\",\"dateModified\":\"2026-03-24T19:16:50+00:00\",\"breadcrumb\":{\"@id\":\"https:\/\/bloominghomes.es\/politica-de-cookies\/#breadcrumb\"},\"inLanguage\":\"en-US\",\"potentialAction\":[{\"@type\":\"ReadAction\",\"target\":[\"https:\/\/bloominghomes.es\/politica-de-cookies\/\"]}]},{\"@type\":\"BreadcrumbList\",\"@id\":\"https:\/\/bloominghomes.es\/politica-de-cookies\/#breadcrumb\",\"itemListElement\":[{\"@type\":\"ListItem\",\"position\":1,\"name\":\"Portada\",\"item\":\"https:\/\/bloominghomes.es\/\"},{\"@type\":\"ListItem\",\"position\":2,\"name\":\"Pol\u00edtica de Cookies\"}]},{\"@type\":\"WebSite\",\"@id\":\"https:\/\/bloominghomes.es\/#website\",\"url\":\"https:\/\/bloominghomes.es\/\",\"name\":\"Blooming Homes\",\"description\":\"Home Staging - Fotograf\u00eda Inmobiliaria - Decoraci\u00f3n Interiores - Agencia Inmobiliaria\",\"publisher\":{\"@id\":\"https:\/\/bloominghomes.es\/#organization\"},\"potentialAction\":[{\"@type\":\"SearchAction\",\"target\":{\"@type\":\"EntryPoint\",\"urlTemplate\":\"https:\/\/bloominghomes.es\/?s={search_term_string}\"},\"query-input\":{\"@type\":\"PropertyValueSpecification\",\"valueRequired\":true,\"valueName\":\"search_term_string\"}}],\"inLanguage\":\"en-US\"},{\"@type\":\"Organization\",\"@id\":\"https:\/\/bloominghomes.es\/#organization\",\"name\":\"Blooming Homes\",\"url\":\"https:\/\/bloominghomes.es\/\",\"logo\":{\"@type\":\"ImageObject\",\"inLanguage\":\"en-US\",\"@id\":\"https:\/\/bloominghomes.es\/#\/schema\/logo\/image\/\",\"url\":\"https:\/\/bloominghomes.es\/wp-content\/uploads\/2025\/10\/BEE-LOGO-COMPLETE-2.webp\",\"contentUrl\":\"https:\/\/bloominghomes.es\/wp-content\/uploads\/2025\/10\/BEE-LOGO-COMPLETE-2.webp\",\"width\":500,\"height\":500,\"caption\":\"Blooming Homes\"},\"image\":{\"@id\":\"https:\/\/bloominghomes.es\/#\/schema\/logo\/image\/\"}}]}<\/script>\n<!-- \/ Yoast SEO plugin. -->","yoast_head_json":{"title":"Pol\u00edtica de Cookies - Elementor Hosted Website","robots":{"index":"index","follow":"follow","max-snippet":"max-snippet:-1","max-image-preview":"max-image-preview:large","max-video-preview":"max-video-preview:-1"},"canonical":"https:\/\/bloominghomes.es\/en\/cookies-policy\/","og_locale":"en_US","og_type":"article","og_title":"Pol\u00edtica de Cookies - Elementor Hosted Website","og_description":"Pol\u00edtica de Cookies Esta Pol\u00edtica de Cookies es parte integrante del Aviso Legal y la Pol\u00edtica de Privacidad de www.bloominghomes.es (en adelante, el \u201cSitio Web\u201d). \u00a0 Con el fin de facilitar su navegaci\u00f3n por el Sitio Web,\u00a0Bloom Capital, SL., sociedad constituida con arreglo a la normativa espa\u00f1ola, con domicilio en calle Mallorca, 260, \u00c1tico, 08008 [&hellip;]","og_url":"https:\/\/bloominghomes.es\/en\/cookies-policy\/","og_site_name":"Elementor Hosted Website","article_modified_time":"2026-03-24T19:16:50+00:00","twitter_card":"summary_large_image","twitter_misc":{"Est. reading time":"7 minutes"},"schema":{"@context":"https:\/\/schema.org","@graph":[{"@type":"WebPage","@id":"https:\/\/bloominghomes.es\/politica-de-cookies\/","url":"https:\/\/bloominghomes.es\/politica-de-cookies\/","name":"Pol\u00edtica de Cookies - Elementor Hosted Website","isPartOf":{"@id":"https:\/\/bloominghomes.es\/#website"},"datePublished":"2026-01-04T22:52:27+00:00","dateModified":"2026-03-24T19:16:50+00:00","breadcrumb":{"@id":"https:\/\/bloominghomes.es\/politica-de-cookies\/#breadcrumb"},"inLanguage":"en-US","potentialAction":[{"@type":"ReadAction","target":["https:\/\/bloominghomes.es\/politica-de-cookies\/"]}]},{"@type":"BreadcrumbList","@id":"https:\/\/bloominghomes.es\/politica-de-cookies\/#breadcrumb","itemListElement":[{"@type":"ListItem","position":1,"name":"Portada","item":"https:\/\/bloominghomes.es\/"},{"@type":"ListItem","position":2,"name":"Pol\u00edtica de Cookies"}]},{"@type":"WebSite","@id":"https:\/\/bloominghomes.es\/#website","url":"https:\/\/bloominghomes.es\/","name":"Blooming Homes","description":"Home Staging - Real Estate Photography - Interior Design - Real Estate Agency","publisher":{"@id":"https:\/\/bloominghomes.es\/#organization"},"potentialAction":[{"@type":"SearchAction","target":{"@type":"EntryPoint","urlTemplate":"https:\/\/bloominghomes.es\/?s={search_term_string}"},"query-input":{"@type":"PropertyValueSpecification","valueRequired":true,"valueName":"search_term_string"}}],"inLanguage":"en-US"},{"@type":"Organization","@id":"https:\/\/bloominghomes.es\/#organization","name":"Blooming Homes","url":"https:\/\/bloominghomes.es\/","logo":{"@type":"ImageObject","inLanguage":"en-US","@id":"https:\/\/bloominghomes.es\/#\/schema\/logo\/image\/","url":"https:\/\/bloominghomes.es\/wp-content\/uploads\/2025\/10\/BEE-LOGO-COMPLETE-2.webp","contentUrl":"https:\/\/bloominghomes.es\/wp-content\/uploads\/2025\/10\/BEE-LOGO-COMPLETE-2.webp","width":500,"height":500,"caption":"Blooming Homes"},"image":{"@id":"https:\/\/bloominghomes.es\/#\/schema\/logo\/image\/"}}]}},"_links":{"self":[{"href":"https:\/\/bloominghomes.es\/en\/wp-json\/wp\/v2\/pages\/403","targetHints":{"allow":["GET"]}}],"collection":[{"href":"https:\/\/bloominghomes.es\/en\/wp-json\/wp\/v2\/pages"}],"about":[{"href":"https:\/\/bloominghomes.es\/en\/wp-json\/wp\/v2\/types\/page"}],"author":[{"embeddable":true,"href":"https:\/\/bloominghomes.es\/en\/wp-json\/wp\/v2\/users\/1"}],"replies":[{"embeddable":true,"href":"https:\/\/bloominghomes.es\/en\/wp-json\/wp\/v2\/comments?post=403"}],"version-history":[{"count":16,"href":"https:\/\/bloominghomes.es\/en\/wp-json\/wp\/v2\/pages\/403\/revisions"}],"predecessor-version":[{"id":936,"href":"https:\/\/bloominghomes.es\/en\/wp-json\/wp\/v2\/pages\/403\/revisions\/936"}],"wp:attachment":[{"href":"https:\/\/bloominghomes.es\/en\/wp-json\/wp\/v2\/media?parent=403"}],"curies":[{"name":"wp","href":"https:\/\/api.w.org\/{rel}","templated":true}]}}