{"id":43,"date":"2025-10-31T19:41:25","date_gmt":"2025-10-31T19:41:25","guid":{"rendered":"https:\/\/bloominghomes.es\/services\/"},"modified":"2026-04-01T14:35:12","modified_gmt":"2026-04-01T13:35:12","slug":"services","status":"publish","type":"page","link":"https:\/\/bloominghomes.es\/en\/services\/","title":{"rendered":"Services"},"content":{"rendered":"<div data-elementor-type=\"wp-page\" data-elementor-id=\"43\" class=\"elementor elementor-43\" data-elementor-post-type=\"page\">\n\t\t\t\t<div class=\"elementor-element elementor-element-28100308 e-con-full e-flex e-con e-parent\" data-id=\"28100308\" data-element_type=\"container\" data-e-type=\"container\">\n\t\t<div class=\"elementor-element elementor-element-6f5b0233 e-con-full e-flex e-con e-child\" data-id=\"6f5b0233\" data-element_type=\"container\" data-e-type=\"container\" data-settings=\"{&quot;background_background&quot;:&quot;classic&quot;}\">\n\t\t\t\t<\/div>\n\t\t<div class=\"elementor-element elementor-element-23e6ebe9 e-con-full e-flex e-con e-child\" data-id=\"23e6ebe9\" data-element_type=\"container\" data-e-type=\"container\">\n\t\t\t\t<div class=\"elementor-element elementor-element-32c2c543 elementor-widget elementor-widget-heading\" data-id=\"32c2c543\" data-element_type=\"widget\" data-e-type=\"widget\" data-widget_type=\"heading.default\">\n\t\t\t\t\t<h1 class=\"elementor-heading-title elementor-size-default\">Our Real Estate Services<\/h1>\t\t\t\t<\/div>\n\t\t\t\t<\/div>\n\t\t\t\t<\/div>\n\t\t<div class=\"elementor-element elementor-element-55c0db33 e-flex e-con-boxed e-con e-parent\" data-id=\"55c0db33\" data-element_type=\"container\" data-e-type=\"container\">\n\t\t\t\t\t<div class=\"e-con-inner\">\n\t\t\t\t<div class=\"elementor-element elementor-element-7d2949ff elementor-cta--layout-image-right elementor-cta--valign-middle elementor-cta--mobile-layout-image-above elementor-cta--skin-classic elementor-animated-content elementor-bg-transform elementor-bg-transform-zoom-in elementor-widget elementor-widget-call-to-action\" data-id=\"7d2949ff\" data-element_type=\"widget\" data-e-type=\"widget\" id=\"service_1\" data-widget_type=\"call-to-action.default\">\n\t\t\t\t\t\t\t<div class=\"elementor-cta\">\n\t\t\t\t\t<div class=\"elementor-cta__bg-wrapper\">\n\t\t\t\t<div class=\"elementor-cta__bg elementor-bg\" style=\"background-image: url(https:\/\/bloominghomes.es\/wp-content\/uploads\/2025\/12\/cama3.webp);\" role=\"img\" aria-label=\"BH_Services1\"><\/div>\n\t\t\t\t<div class=\"elementor-cta__bg-overlay\"><\/div>\n\t\t\t<\/div>\n\t\t\t\t\t\t\t<div class=\"elementor-cta__content\">\n\t\t\t\t\n\t\t\t\t\t\t\t\t\t<h2 class=\"elementor-cta__title elementor-cta__content-item elementor-content-item\">\n\t\t\t\t\t\tHome Staging\t\t\t\t\t<\/h2>\n\t\t\t\t\n\t\t\t\t\t\t\t\t\t<div class=\"elementor-cta__description elementor-cta__content-item elementor-content-item\">\n\t\t\t\t\t\tHome Staging is a real estate marketing technique that helps to<b> sell and rent<\/b> faster and at the best price. It consists of arranging and dressing the property to photograph it and show its full potential.<br><br>It can be applied in all types of properties:<br>- <b>Homes for sale:<\/b><br>     - Inhabited dwellings (the owners still live in the property).<br>     - Furnished housing (no one lives in the property but it is furnished).<br>     - Empty dwellings (no one lives in the property and it is also empty).<br>     - Pilot apartments.<br>- <b>Apartments for rent:<\/b><br>     - Tourist rental.<br>     - Short-term rentals.<br>     - Long-term rentals.<br>- <b>Other type<\/b> of housing such as caravans or boats.<br>-<b> Commercial real estate <\/b>as premises, offices or any type of business.<br>\t\t\t\t\t<\/div>\n\t\t\t\t\n\t\t\t\t\t\t\t<\/div>\n\t\t\t\t\t\t<\/div>\n\t\t\t\t\t\t<\/div>\n\t\t\t\t<div class=\"elementor-element elementor-element-196b38cb elementor-cta--layout-image-left elementor-cta--valign-middle elementor-cta--mobile-layout-image-above elementor-cta--skin-classic elementor-animated-content elementor-bg-transform elementor-bg-transform-zoom-in elementor-widget elementor-widget-call-to-action\" data-id=\"196b38cb\" data-element_type=\"widget\" data-e-type=\"widget\" id=\"service_2\" data-widget_type=\"call-to-action.default\">\n\t\t\t\t\t\t\t<div class=\"elementor-cta\">\n\t\t\t\t\t<div class=\"elementor-cta__bg-wrapper\">\n\t\t\t\t<div class=\"elementor-cta__bg elementor-bg\" style=\"background-image: url(https:\/\/bloominghomes.es\/wp-content\/uploads\/2025\/12\/Comedor.webp);\" role=\"img\" aria-label=\"BH_Services2\"><\/div>\n\t\t\t\t<div class=\"elementor-cta__bg-overlay\"><\/div>\n\t\t\t<\/div>\n\t\t\t\t\t\t\t<div class=\"elementor-cta__content\">\n\t\t\t\t\n\t\t\t\t\t\t\t\t\t<h2 class=\"elementor-cta__title elementor-cta__content-item elementor-content-item\">\n\t\t\t\t\t\tReal Estate Photography\t\t\t\t\t<\/h2>\n\t\t\t\t\n\t\t\t\t\t\t\t\t\t<div class=\"elementor-cta__description elementor-cta__content-item elementor-content-item\">\n\t\t\t\t\t\tWe take professional, high quality photographs with carefully styled images. They say, <b>\"A picture is worth a thousand words.\"<\/b>. We adapt to any type of property and business (offices, premises, hotels, restaurants, etc.).\t\t\t\t\t<\/div>\n\t\t\t\t\n\t\t\t\t\t\t\t<\/div>\n\t\t\t\t\t\t<\/div>\n\t\t\t\t\t\t<\/div>\n\t\t\t\t<div class=\"elementor-element elementor-element-362a75ca elementor-cta--layout-image-right elementor-cta--valign-middle elementor-cta--mobile-layout-image-above elementor-cta--skin-classic elementor-animated-content elementor-bg-transform elementor-bg-transform-zoom-in elementor-widget elementor-widget-call-to-action\" data-id=\"362a75ca\" data-element_type=\"widget\" data-e-type=\"widget\" id=\"service_3\" data-widget_type=\"call-to-action.default\">\n\t\t\t\t\t\t\t<div class=\"elementor-cta\">\n\t\t\t\t\t<div class=\"elementor-cta__bg-wrapper\">\n\t\t\t\t<div class=\"elementor-cta__bg elementor-bg\" style=\"background-image: url(https:\/\/bloominghomes.es\/wp-content\/uploads\/2025\/12\/plano-2.jpg);\" role=\"img\" aria-label=\"BH_Services3\"><\/div>\n\t\t\t\t<div class=\"elementor-cta__bg-overlay\"><\/div>\n\t\t\t<\/div>\n\t\t\t\t\t\t\t<div class=\"elementor-cta__content\">\n\t\t\t\t\n\t\t\t\t\t\t\t\t\t<h4 class=\"elementor-cta__title elementor-cta__content-item elementor-content-item\">\n\t\t\t\t\t\tComplementary Services\t\t\t\t\t<\/h4>\n\t\t\t\t\n\t\t\t\t\t\t\t\t\t<div class=\"elementor-cta__description elementor-cta__content-item elementor-content-item\">\n\t\t\t\t\t\tWe also offer other complementary services such as:<br>- <b>Commercial plans:<\/b> We draw commercial plans of your property so that you can provide more information and value.<br>- <b>Home Staging advice:<\/b> We advise you on how to prepare your home so that you can prepare it yourself and have a successful sale or rental.<br>- <b>Styling and decoration: <\/b>We offer styling and decoration services for photographic or video projects, as well as personal or corporate projects.<br>- <b>Coordination of renovation projects:<\/b> We coordinate the improvement works of your property so that you don't have to worry about anything.<br>\t\t\t\t\t<\/div>\n\t\t\t\t\n\t\t\t\t\t\t\t<\/div>\n\t\t\t\t\t\t<\/div>\n\t\t\t\t\t\t<\/div>\n\t\t\t\t<div class=\"elementor-element elementor-element-7ff60232 elementor-cta--layout-image-left elementor-cta--valign-middle elementor-cta--mobile-layout-image-above elementor-cta--skin-classic elementor-animated-content elementor-bg-transform elementor-bg-transform-zoom-in elementor-widget elementor-widget-call-to-action\" data-id=\"7ff60232\" data-element_type=\"widget\" data-e-type=\"widget\" id=\"service_4\" data-widget_type=\"call-to-action.default\">\n\t\t\t\t\t\t\t<div class=\"elementor-cta\">\n\t\t\t\t\t<div class=\"elementor-cta__bg-wrapper\">\n\t\t\t\t<div class=\"elementor-cta__bg elementor-bg\" style=\"background-image: url(https:\/\/bloominghomes.es\/wp-content\/uploads\/2025\/12\/Mano-2.webp);\" role=\"img\" aria-label=\"BH_Services4\"><\/div>\n\t\t\t\t<div class=\"elementor-cta__bg-overlay\"><\/div>\n\t\t\t<\/div>\n\t\t\t\t\t\t\t<div class=\"elementor-cta__content\">\n\t\t\t\t\n\t\t\t\t\t\t\t\t\t<h2 class=\"elementor-cta__title elementor-cta__content-item elementor-content-item\">\n\t\t\t\t\t\tSale and rental\t\t\t\t\t<\/h2>\n\t\t\t\t\n\t\t\t\t\t\t\t\t\t<div class=\"elementor-cta__description elementor-cta__content-item elementor-content-item\">\n\t\t\t\t\t\tIn addition to helping you get the most out of your property, we can help you in its subsequent marketing for sale or rent. <br>We have <b>API certification<\/b>. \t\t\t\t\t<\/div>\n\t\t\t\t\n\t\t\t\t\t\t\t<\/div>\n\t\t\t\t\t\t<\/div>\n\t\t\t\t\t\t<\/div>\n\t\t\t\t\t<\/div>\n\t\t\t\t<\/div>\n\t\t\t\t<\/div>","protected":false},"excerpt":{"rendered":"<p>Nuestros Servicios Inmobiliarios Home Staging El Home Staging es una t\u00e9cnica de marketing inmobiliario que ayuda a vender y alquilar m\u00e1s r\u00e1pido y al mejor precio. Consiste en arreglar y vestir el inmueble para fotografiarlo y mostrar todo su potencial. Se puede aplicar en todo tipo de inmuebles:&#8211; Viviendas a la venta: \u00b7 Viviendas habitadas [&hellip;]<\/p>","protected":false},"author":1,"featured_media":209,"parent":0,"menu_order":0,"comment_status":"closed","ping_status":"closed","template":"elementor_header_footer","meta":{"_angie_page":false,"footnotes":""},"class_list":["post-43","page","type-page","status-publish","has-post-thumbnail","hentry"],"yoast_head":"<!-- This site is optimized with the Yoast SEO plugin v27.2 - https:\/\/yoast.com\/product\/yoast-seo-wordpress\/ -->\n<title>Servicios Inmobiliarios - Revaloriza tu vivienda - Elementor Hosted Website<\/title>\n<meta name=\"description\" content=\"Descubre nuestros servicios inmobiliarios de asesor\u00eda y preparaci\u00f3n de viviendas. Mejora tu inmueble y vende o alquila m\u00e1s r\u00e1pido.\" \/>\n<meta name=\"robots\" content=\"index, follow, max-snippet:-1, max-image-preview:large, max-video-preview:-1\" \/>\n<link rel=\"canonical\" href=\"https:\/\/bloominghomes.es\/en\/services\/\" \/>\n<meta property=\"og:locale\" content=\"en_US\" \/>\n<meta property=\"og:type\" content=\"article\" \/>\n<meta property=\"og:title\" content=\"Servicios Inmobiliarios - Revaloriza tu vivienda - Elementor Hosted Website\" \/>\n<meta property=\"og:description\" content=\"Descubre nuestros servicios inmobiliarios de asesor\u00eda y preparaci\u00f3n de viviendas. Mejora tu inmueble y vende o alquila m\u00e1s r\u00e1pido.\" \/>\n<meta property=\"og:url\" content=\"https:\/\/bloominghomes.es\/en\/services\/\" \/>\n<meta property=\"og:site_name\" content=\"Elementor Hosted Website\" \/>\n<meta property=\"article:modified_time\" content=\"2026-04-01T13:35:12+00:00\" \/>\n<meta property=\"og:image\" content=\"https:\/\/bloominghomes.es\/wp-content\/uploads\/2025\/10\/BEE-LOGO-COMPLETE-2.webp\" \/>\n\t<meta property=\"og:image:width\" content=\"500\" \/>\n\t<meta property=\"og:image:height\" content=\"500\" \/>\n\t<meta property=\"og:image:type\" content=\"image\/webp\" \/>\n<meta name=\"twitter:card\" content=\"summary_large_image\" \/>\n<meta name=\"twitter:label1\" content=\"Est. reading time\" \/>\n\t<meta name=\"twitter:data1\" content=\"2 minutes\" \/>\n<script type=\"application\/ld+json\" class=\"yoast-schema-graph\">{\"@context\":\"https:\/\/schema.org\",\"@graph\":[{\"@type\":\"WebPage\",\"@id\":\"https:\/\/bloominghomes.es\/servicios\/\",\"url\":\"https:\/\/bloominghomes.es\/servicios\/\",\"name\":\"Servicios Inmobiliarios - Revaloriza tu vivienda - Elementor Hosted Website\",\"isPartOf\":{\"@id\":\"https:\/\/bloominghomes.es\/#website\"},\"primaryImageOfPage\":{\"@id\":\"https:\/\/bloominghomes.es\/servicios\/#primaryimage\"},\"image\":{\"@id\":\"https:\/\/bloominghomes.es\/servicios\/#primaryimage\"},\"thumbnailUrl\":\"https:\/\/bloominghomes.es\/wp-content\/uploads\/2025\/10\/BEE-LOGO-COMPLETE-2.webp\",\"datePublished\":\"2025-10-31T19:41:25+00:00\",\"dateModified\":\"2026-04-01T13:35:12+00:00\",\"description\":\"Descubre nuestros servicios inmobiliarios de asesor\u00eda y preparaci\u00f3n de viviendas. Mejora tu inmueble y vende o alquila m\u00e1s r\u00e1pido.\",\"breadcrumb\":{\"@id\":\"https:\/\/bloominghomes.es\/servicios\/#breadcrumb\"},\"inLanguage\":\"en-US\",\"potentialAction\":[{\"@type\":\"ReadAction\",\"target\":[\"https:\/\/bloominghomes.es\/servicios\/\"]}]},{\"@type\":\"ImageObject\",\"inLanguage\":\"en-US\",\"@id\":\"https:\/\/bloominghomes.es\/servicios\/#primaryimage\",\"url\":\"https:\/\/bloominghomes.es\/wp-content\/uploads\/2025\/10\/BEE-LOGO-COMPLETE-2.webp\",\"contentUrl\":\"https:\/\/bloominghomes.es\/wp-content\/uploads\/2025\/10\/BEE-LOGO-COMPLETE-2.webp\",\"width\":500,\"height\":500},{\"@type\":\"BreadcrumbList\",\"@id\":\"https:\/\/bloominghomes.es\/servicios\/#breadcrumb\",\"itemListElement\":[{\"@type\":\"ListItem\",\"position\":1,\"name\":\"Portada\",\"item\":\"https:\/\/bloominghomes.es\/\"},{\"@type\":\"ListItem\",\"position\":2,\"name\":\"Servicios\"}]},{\"@type\":\"WebSite\",\"@id\":\"https:\/\/bloominghomes.es\/#website\",\"url\":\"https:\/\/bloominghomes.es\/\",\"name\":\"Blooming Homes\",\"description\":\"Home Staging - Fotograf\u00eda Inmobiliaria - Decoraci\u00f3n Interiores - Agencia Inmobiliaria\",\"publisher\":{\"@id\":\"https:\/\/bloominghomes.es\/#organization\"},\"potentialAction\":[{\"@type\":\"SearchAction\",\"target\":{\"@type\":\"EntryPoint\",\"urlTemplate\":\"https:\/\/bloominghomes.es\/?s={search_term_string}\"},\"query-input\":{\"@type\":\"PropertyValueSpecification\",\"valueRequired\":true,\"valueName\":\"search_term_string\"}}],\"inLanguage\":\"en-US\"},{\"@type\":\"Organization\",\"@id\":\"https:\/\/bloominghomes.es\/#organization\",\"name\":\"Blooming Homes\",\"url\":\"https:\/\/bloominghomes.es\/\",\"logo\":{\"@type\":\"ImageObject\",\"inLanguage\":\"en-US\",\"@id\":\"https:\/\/bloominghomes.es\/#\/schema\/logo\/image\/\",\"url\":\"https:\/\/bloominghomes.es\/wp-content\/uploads\/2025\/10\/BEE-LOGO-COMPLETE-2.webp\",\"contentUrl\":\"https:\/\/bloominghomes.es\/wp-content\/uploads\/2025\/10\/BEE-LOGO-COMPLETE-2.webp\",\"width\":500,\"height\":500,\"caption\":\"Blooming Homes\"},\"image\":{\"@id\":\"https:\/\/bloominghomes.es\/#\/schema\/logo\/image\/\"}}]}<\/script>\n<!-- \/ Yoast SEO plugin. -->","yoast_head_json":{"title":"Real Estate Services - Revalue Your Home - Elementor Hosted Website","description":"Discover our real estate advisory and home preparation services. Improve your property and sell or rent faster.","robots":{"index":"index","follow":"follow","max-snippet":"max-snippet:-1","max-image-preview":"max-image-preview:large","max-video-preview":"max-video-preview:-1"},"canonical":"https:\/\/bloominghomes.es\/en\/services\/","og_locale":"en_US","og_type":"article","og_title":"Servicios Inmobiliarios - Revaloriza tu vivienda - Elementor Hosted Website","og_description":"Descubre nuestros servicios inmobiliarios de asesor\u00eda y preparaci\u00f3n de viviendas. Mejora tu inmueble y vende o alquila m\u00e1s r\u00e1pido.","og_url":"https:\/\/bloominghomes.es\/en\/services\/","og_site_name":"Elementor Hosted Website","article_modified_time":"2026-04-01T13:35:12+00:00","og_image":[{"width":500,"height":500,"url":"https:\/\/bloominghomes.es\/wp-content\/uploads\/2025\/10\/BEE-LOGO-COMPLETE-2.webp","type":"image\/webp"}],"twitter_card":"summary_large_image","twitter_misc":{"Est. reading time":"2 minutes"},"schema":{"@context":"https:\/\/schema.org","@graph":[{"@type":"WebPage","@id":"https:\/\/bloominghomes.es\/servicios\/","url":"https:\/\/bloominghomes.es\/servicios\/","name":"Real Estate Services - Revalue Your Home - Elementor Hosted Website","isPartOf":{"@id":"https:\/\/bloominghomes.es\/#website"},"primaryImageOfPage":{"@id":"https:\/\/bloominghomes.es\/servicios\/#primaryimage"},"image":{"@id":"https:\/\/bloominghomes.es\/servicios\/#primaryimage"},"thumbnailUrl":"https:\/\/bloominghomes.es\/wp-content\/uploads\/2025\/10\/BEE-LOGO-COMPLETE-2.webp","datePublished":"2025-10-31T19:41:25+00:00","dateModified":"2026-04-01T13:35:12+00:00","description":"Discover our real estate advisory and home preparation services. Improve your property and sell or rent faster.","breadcrumb":{"@id":"https:\/\/bloominghomes.es\/servicios\/#breadcrumb"},"inLanguage":"en-US","potentialAction":[{"@type":"ReadAction","target":["https:\/\/bloominghomes.es\/servicios\/"]}]},{"@type":"ImageObject","inLanguage":"en-US","@id":"https:\/\/bloominghomes.es\/servicios\/#primaryimage","url":"https:\/\/bloominghomes.es\/wp-content\/uploads\/2025\/10\/BEE-LOGO-COMPLETE-2.webp","contentUrl":"https:\/\/bloominghomes.es\/wp-content\/uploads\/2025\/10\/BEE-LOGO-COMPLETE-2.webp","width":500,"height":500},{"@type":"BreadcrumbList","@id":"https:\/\/bloominghomes.es\/servicios\/#breadcrumb","itemListElement":[{"@type":"ListItem","position":1,"name":"Portada","item":"https:\/\/bloominghomes.es\/"},{"@type":"ListItem","position":2,"name":"Servicios"}]},{"@type":"WebSite","@id":"https:\/\/bloominghomes.es\/#website","url":"https:\/\/bloominghomes.es\/","name":"Blooming Homes","description":"Home Staging - Real Estate Photography - Interior Design - Real Estate Agency","publisher":{"@id":"https:\/\/bloominghomes.es\/#organization"},"potentialAction":[{"@type":"SearchAction","target":{"@type":"EntryPoint","urlTemplate":"https:\/\/bloominghomes.es\/?s={search_term_string}"},"query-input":{"@type":"PropertyValueSpecification","valueRequired":true,"valueName":"search_term_string"}}],"inLanguage":"en-US"},{"@type":"Organization","@id":"https:\/\/bloominghomes.es\/#organization","name":"Blooming Homes","url":"https:\/\/bloominghomes.es\/","logo":{"@type":"ImageObject","inLanguage":"en-US","@id":"https:\/\/bloominghomes.es\/#\/schema\/logo\/image\/","url":"https:\/\/bloominghomes.es\/wp-content\/uploads\/2025\/10\/BEE-LOGO-COMPLETE-2.webp","contentUrl":"https:\/\/bloominghomes.es\/wp-content\/uploads\/2025\/10\/BEE-LOGO-COMPLETE-2.webp","width":500,"height":500,"caption":"Blooming Homes"},"image":{"@id":"https:\/\/bloominghomes.es\/#\/schema\/logo\/image\/"}}]}},"_links":{"self":[{"href":"https:\/\/bloominghomes.es\/en\/wp-json\/wp\/v2\/pages\/43","targetHints":{"allow":["GET"]}}],"collection":[{"href":"https:\/\/bloominghomes.es\/en\/wp-json\/wp\/v2\/pages"}],"about":[{"href":"https:\/\/bloominghomes.es\/en\/wp-json\/wp\/v2\/types\/page"}],"author":[{"embeddable":true,"href":"https:\/\/bloominghomes.es\/en\/wp-json\/wp\/v2\/users\/1"}],"replies":[{"embeddable":true,"href":"https:\/\/bloominghomes.es\/en\/wp-json\/wp\/v2\/comments?post=43"}],"version-history":[{"count":25,"href":"https:\/\/bloominghomes.es\/en\/wp-json\/wp\/v2\/pages\/43\/revisions"}],"predecessor-version":[{"id":946,"href":"https:\/\/bloominghomes.es\/en\/wp-json\/wp\/v2\/pages\/43\/revisions\/946"}],"wp:featuredmedia":[{"embeddable":true,"href":"https:\/\/bloominghomes.es\/en\/wp-json\/wp\/v2\/media\/209"}],"wp:attachment":[{"href":"https:\/\/bloominghomes.es\/en\/wp-json\/wp\/v2\/media?parent=43"}],"curies":[{"name":"wp","href":"https:\/\/api.w.org\/{rel}","templated":true}]}}