{"id":62,"date":"2025-10-31T19:41:37","date_gmt":"2025-10-31T19:41:37","guid":{"rendered":"https:\/\/bloominghomes.es\/about\/"},"modified":"2026-01-08T12:53:46","modified_gmt":"2026-01-08T12:53:46","slug":"about-us","status":"publish","type":"page","link":"https:\/\/bloominghomes.es\/en\/about-us\/","title":{"rendered":"About us"},"content":{"rendered":"<div data-elementor-type=\"wp-page\" data-elementor-id=\"62\" class=\"elementor elementor-62\" data-elementor-post-type=\"page\">\n\t\t\t\t<div class=\"elementor-element elementor-element-bf18f58 e-flex e-con-boxed e-con e-parent\" data-id=\"bf18f58\" data-element_type=\"container\" data-e-type=\"container\">\n\t\t\t\t\t<div class=\"e-con-inner\">\n\t\t\t\t\t<\/div>\n\t\t\t\t<\/div>\n\t\t<div class=\"elementor-element elementor-element-502e7cd0 e-con-full e-flex e-con e-parent\" data-id=\"502e7cd0\" data-element_type=\"container\" data-e-type=\"container\">\n\t\t<div class=\"elementor-element elementor-element-751d1e7a e-con-full e-flex e-con e-child\" data-id=\"751d1e7a\" data-element_type=\"container\" data-e-type=\"container\">\n\t\t\t\t<div class=\"elementor-element elementor-element-32f9e769 elementor-widget elementor-widget-heading\" data-id=\"32f9e769\" data-element_type=\"widget\" data-e-type=\"widget\" data-widget_type=\"heading.default\">\n\t\t\t\t\t<h1 class=\"elementor-heading-title elementor-size-default\">About us<\/h1>\t\t\t\t<\/div>\n\t\t\t\t<div class=\"elementor-element elementor-element-87311ee elementor-widget elementor-widget-text-editor\" data-id=\"87311ee\" data-element_type=\"widget\" data-e-type=\"widget\" data-widget_type=\"text-editor.default\">\n\t\t\t\t\t\t\t\t\t<p>Hi, my name is Carlota, nice to meet you! I am excited to make people feel at ease and at home anywhere. Decorating, color and photography allow me to create <strong>environments where we would all like to stay<\/strong>.<\/p>\n<p>In college I studied <strong>right<\/strong> and I started working as a lawyer in 2014 and, although I liked it, I have always been a very creative person with an interest in art. For this reason, I have also trained in <strong>decoration, interior design, home staging, real estate photography and color psychology<\/strong>. Since 2022 I have been working on decoration and interior design projects and since 2025 I have been a member of the <strong>College of APIs<\/strong>.<\/p>\n<p>My mission is to help to bring out the <strong>BEST VERSION<\/strong> of the properties I work with. This helps owners to <strong>sell or rent fast and at the best price<\/strong> and helps prospective buyers and tenants feel that they have found their home and see themselves living there (it's hard to imagine living within 4 white walls).<\/p>\n<p>I work with customer service <strong>detail, dedication<\/strong> and an approach <strong>resolution<\/strong>. I accompany you with <strong>proximity <\/strong>y <strong>transparency<\/strong>, always offering <strong>confidence, quality <\/strong>y <strong>professionalism<\/strong>.<\/p>\n<p>I firmly believe in <strong>CARE<\/strong> the spaces in which we live and work, and in doing so in a way that is <strong>SUSTAINABLE<\/strong>. For me, it is essential to contribute to our continued enjoyment of this planet we all call home.<\/p>\t\t\t\t\t\t\t\t<\/div>\n\t\t\t\t<\/div>\n\t\t<div class=\"elementor-element elementor-element-1c491951 e-con-full e-flex e-con e-child\" data-id=\"1c491951\" data-element_type=\"container\" data-e-type=\"container\" data-settings=\"{&quot;background_background&quot;:&quot;classic&quot;}\">\n\t\t\t\t<\/div>\n\t\t\t\t<\/div>\n\t\t\t\t<\/div>","protected":false},"excerpt":{"rendered":"<p>Sobre nosotros Hola, mi nombre es Carlota, \u00a1encantada de conocerte! Me entusiasma hacer que las personas se sientan a gusto y en casa en cualquier lugar. La decoraci\u00f3n, el color y la fotograf\u00eda me permiten crear ambientes donde todos querr\u00edamos quedarnos. En la universidad estudi\u00e9 derecho y empec\u00e9 a trabajar como abogada en 2014 y, [&hellip;]<\/p>","protected":false},"author":1,"featured_media":65,"parent":0,"menu_order":0,"comment_status":"closed","ping_status":"closed","template":"elementor_header_footer","meta":{"_angie_page":false,"footnotes":""},"class_list":["post-62","page","type-page","status-publish","has-post-thumbnail","hentry"],"yoast_head":"<!-- This site is optimized with the Yoast SEO plugin v27.2 - https:\/\/yoast.com\/product\/yoast-seo-wordpress\/ -->\n<title>Sobre nosotros - Elementor Hosted Website<\/title>\n<meta name=\"robots\" content=\"index, follow, max-snippet:-1, max-image-preview:large, max-video-preview:-1\" \/>\n<link rel=\"canonical\" href=\"https:\/\/bloominghomes.es\/en\/about-us\/\" \/>\n<meta property=\"og:locale\" content=\"en_US\" \/>\n<meta property=\"og:type\" content=\"article\" \/>\n<meta property=\"og:title\" content=\"Sobre nosotros - Elementor Hosted Website\" \/>\n<meta property=\"og:description\" content=\"Sobre nosotros Hola, mi nombre es Carlota, \u00a1encantada de conocerte! Me entusiasma hacer que las personas se sientan a gusto y en casa en cualquier lugar. La decoraci\u00f3n, el color y la fotograf\u00eda me permiten crear ambientes donde todos querr\u00edamos quedarnos. En la universidad estudi\u00e9 derecho y empec\u00e9 a trabajar como abogada en 2014 y, [&hellip;]\" \/>\n<meta property=\"og:url\" content=\"https:\/\/bloominghomes.es\/en\/about-us\/\" \/>\n<meta property=\"og:site_name\" content=\"Elementor Hosted Website\" \/>\n<meta property=\"article:modified_time\" content=\"2026-01-08T12:53:46+00:00\" \/>\n<meta property=\"og:image\" content=\"https:\/\/bloominghomes.es\/wp-content\/uploads\/2025\/10\/About-400_380.jpg\" \/>\n\t<meta property=\"og:image:width\" content=\"400\" \/>\n\t<meta property=\"og:image:height\" content=\"380\" \/>\n\t<meta property=\"og:image:type\" content=\"image\/jpeg\" \/>\n<meta name=\"twitter:card\" content=\"summary_large_image\" \/>\n<meta name=\"twitter:label1\" content=\"Est. reading time\" \/>\n\t<meta name=\"twitter:data1\" content=\"1 minute\" \/>\n<script type=\"application\/ld+json\" class=\"yoast-schema-graph\">{\"@context\":\"https:\/\/schema.org\",\"@graph\":[{\"@type\":\"WebPage\",\"@id\":\"https:\/\/bloominghomes.es\/sobre-nosotros\/\",\"url\":\"https:\/\/bloominghomes.es\/sobre-nosotros\/\",\"name\":\"Sobre nosotros - Elementor Hosted Website\",\"isPartOf\":{\"@id\":\"https:\/\/bloominghomes.es\/#website\"},\"primaryImageOfPage\":{\"@id\":\"https:\/\/bloominghomes.es\/sobre-nosotros\/#primaryimage\"},\"image\":{\"@id\":\"https:\/\/bloominghomes.es\/sobre-nosotros\/#primaryimage\"},\"thumbnailUrl\":\"https:\/\/bloominghomes.es\/wp-content\/uploads\/2025\/10\/About-400_380.jpg\",\"datePublished\":\"2025-10-31T19:41:37+00:00\",\"dateModified\":\"2026-01-08T12:53:46+00:00\",\"breadcrumb\":{\"@id\":\"https:\/\/bloominghomes.es\/sobre-nosotros\/#breadcrumb\"},\"inLanguage\":\"en-US\",\"potentialAction\":[{\"@type\":\"ReadAction\",\"target\":[\"https:\/\/bloominghomes.es\/sobre-nosotros\/\"]}]},{\"@type\":\"ImageObject\",\"inLanguage\":\"en-US\",\"@id\":\"https:\/\/bloominghomes.es\/sobre-nosotros\/#primaryimage\",\"url\":\"https:\/\/bloominghomes.es\/wp-content\/uploads\/2025\/10\/About-400_380.jpg\",\"contentUrl\":\"https:\/\/bloominghomes.es\/wp-content\/uploads\/2025\/10\/About-400_380.jpg\",\"width\":400,\"height\":380},{\"@type\":\"BreadcrumbList\",\"@id\":\"https:\/\/bloominghomes.es\/sobre-nosotros\/#breadcrumb\",\"itemListElement\":[{\"@type\":\"ListItem\",\"position\":1,\"name\":\"Portada\",\"item\":\"https:\/\/bloominghomes.es\/\"},{\"@type\":\"ListItem\",\"position\":2,\"name\":\"Sobre nosotros\"}]},{\"@type\":\"WebSite\",\"@id\":\"https:\/\/bloominghomes.es\/#website\",\"url\":\"https:\/\/bloominghomes.es\/\",\"name\":\"Blooming Homes\",\"description\":\"Home Staging - Fotograf\u00eda Inmobiliaria - Decoraci\u00f3n Interiores - Agencia Inmobiliaria\",\"publisher\":{\"@id\":\"https:\/\/bloominghomes.es\/#organization\"},\"potentialAction\":[{\"@type\":\"SearchAction\",\"target\":{\"@type\":\"EntryPoint\",\"urlTemplate\":\"https:\/\/bloominghomes.es\/?s={search_term_string}\"},\"query-input\":{\"@type\":\"PropertyValueSpecification\",\"valueRequired\":true,\"valueName\":\"search_term_string\"}}],\"inLanguage\":\"en-US\"},{\"@type\":\"Organization\",\"@id\":\"https:\/\/bloominghomes.es\/#organization\",\"name\":\"Blooming Homes\",\"url\":\"https:\/\/bloominghomes.es\/\",\"logo\":{\"@type\":\"ImageObject\",\"inLanguage\":\"en-US\",\"@id\":\"https:\/\/bloominghomes.es\/#\/schema\/logo\/image\/\",\"url\":\"https:\/\/bloominghomes.es\/wp-content\/uploads\/2025\/10\/BEE-LOGO-COMPLETE-2.webp\",\"contentUrl\":\"https:\/\/bloominghomes.es\/wp-content\/uploads\/2025\/10\/BEE-LOGO-COMPLETE-2.webp\",\"width\":500,\"height\":500,\"caption\":\"Blooming Homes\"},\"image\":{\"@id\":\"https:\/\/bloominghomes.es\/#\/schema\/logo\/image\/\"}}]}<\/script>\n<!-- \/ Yoast SEO plugin. -->","yoast_head_json":{"title":"About Us - Elementor Hosted Website","robots":{"index":"index","follow":"follow","max-snippet":"max-snippet:-1","max-image-preview":"max-image-preview:large","max-video-preview":"max-video-preview:-1"},"canonical":"https:\/\/bloominghomes.es\/en\/about-us\/","og_locale":"en_US","og_type":"article","og_title":"Sobre nosotros - Elementor Hosted Website","og_description":"Sobre nosotros Hola, mi nombre es Carlota, \u00a1encantada de conocerte! Me entusiasma hacer que las personas se sientan a gusto y en casa en cualquier lugar. La decoraci\u00f3n, el color y la fotograf\u00eda me permiten crear ambientes donde todos querr\u00edamos quedarnos. En la universidad estudi\u00e9 derecho y empec\u00e9 a trabajar como abogada en 2014 y, [&hellip;]","og_url":"https:\/\/bloominghomes.es\/en\/about-us\/","og_site_name":"Elementor Hosted Website","article_modified_time":"2026-01-08T12:53:46+00:00","og_image":[{"width":400,"height":380,"url":"https:\/\/bloominghomes.es\/wp-content\/uploads\/2025\/10\/About-400_380.jpg","type":"image\/jpeg"}],"twitter_card":"summary_large_image","twitter_misc":{"Est. reading time":"1 minute"},"schema":{"@context":"https:\/\/schema.org","@graph":[{"@type":"WebPage","@id":"https:\/\/bloominghomes.es\/sobre-nosotros\/","url":"https:\/\/bloominghomes.es\/sobre-nosotros\/","name":"About Us - Elementor Hosted Website","isPartOf":{"@id":"https:\/\/bloominghomes.es\/#website"},"primaryImageOfPage":{"@id":"https:\/\/bloominghomes.es\/sobre-nosotros\/#primaryimage"},"image":{"@id":"https:\/\/bloominghomes.es\/sobre-nosotros\/#primaryimage"},"thumbnailUrl":"https:\/\/bloominghomes.es\/wp-content\/uploads\/2025\/10\/About-400_380.jpg","datePublished":"2025-10-31T19:41:37+00:00","dateModified":"2026-01-08T12:53:46+00:00","breadcrumb":{"@id":"https:\/\/bloominghomes.es\/sobre-nosotros\/#breadcrumb"},"inLanguage":"en-US","potentialAction":[{"@type":"ReadAction","target":["https:\/\/bloominghomes.es\/sobre-nosotros\/"]}]},{"@type":"ImageObject","inLanguage":"en-US","@id":"https:\/\/bloominghomes.es\/sobre-nosotros\/#primaryimage","url":"https:\/\/bloominghomes.es\/wp-content\/uploads\/2025\/10\/About-400_380.jpg","contentUrl":"https:\/\/bloominghomes.es\/wp-content\/uploads\/2025\/10\/About-400_380.jpg","width":400,"height":380},{"@type":"BreadcrumbList","@id":"https:\/\/bloominghomes.es\/sobre-nosotros\/#breadcrumb","itemListElement":[{"@type":"ListItem","position":1,"name":"Portada","item":"https:\/\/bloominghomes.es\/"},{"@type":"ListItem","position":2,"name":"Sobre nosotros"}]},{"@type":"WebSite","@id":"https:\/\/bloominghomes.es\/#website","url":"https:\/\/bloominghomes.es\/","name":"Blooming Homes","description":"Home Staging - Real Estate Photography - Interior Design - Real Estate Agency","publisher":{"@id":"https:\/\/bloominghomes.es\/#organization"},"potentialAction":[{"@type":"SearchAction","target":{"@type":"EntryPoint","urlTemplate":"https:\/\/bloominghomes.es\/?s={search_term_string}"},"query-input":{"@type":"PropertyValueSpecification","valueRequired":true,"valueName":"search_term_string"}}],"inLanguage":"en-US"},{"@type":"Organization","@id":"https:\/\/bloominghomes.es\/#organization","name":"Blooming Homes","url":"https:\/\/bloominghomes.es\/","logo":{"@type":"ImageObject","inLanguage":"en-US","@id":"https:\/\/bloominghomes.es\/#\/schema\/logo\/image\/","url":"https:\/\/bloominghomes.es\/wp-content\/uploads\/2025\/10\/BEE-LOGO-COMPLETE-2.webp","contentUrl":"https:\/\/bloominghomes.es\/wp-content\/uploads\/2025\/10\/BEE-LOGO-COMPLETE-2.webp","width":500,"height":500,"caption":"Blooming Homes"},"image":{"@id":"https:\/\/bloominghomes.es\/#\/schema\/logo\/image\/"}}]}},"_links":{"self":[{"href":"https:\/\/bloominghomes.es\/en\/wp-json\/wp\/v2\/pages\/62","targetHints":{"allow":["GET"]}}],"collection":[{"href":"https:\/\/bloominghomes.es\/en\/wp-json\/wp\/v2\/pages"}],"about":[{"href":"https:\/\/bloominghomes.es\/en\/wp-json\/wp\/v2\/types\/page"}],"author":[{"embeddable":true,"href":"https:\/\/bloominghomes.es\/en\/wp-json\/wp\/v2\/users\/1"}],"replies":[{"embeddable":true,"href":"https:\/\/bloominghomes.es\/en\/wp-json\/wp\/v2\/comments?post=62"}],"version-history":[{"count":25,"href":"https:\/\/bloominghomes.es\/en\/wp-json\/wp\/v2\/pages\/62\/revisions"}],"predecessor-version":[{"id":528,"href":"https:\/\/bloominghomes.es\/en\/wp-json\/wp\/v2\/pages\/62\/revisions\/528"}],"wp:featuredmedia":[{"embeddable":true,"href":"https:\/\/bloominghomes.es\/en\/wp-json\/wp\/v2\/media\/65"}],"wp:attachment":[{"href":"https:\/\/bloominghomes.es\/en\/wp-json\/wp\/v2\/media?parent=62"}],"curies":[{"name":"wp","href":"https:\/\/api.w.org\/{rel}","templated":true}]}}